{"id":39,"date":"2023-08-21T02:19:11","date_gmt":"2023-08-21T02:19:11","guid":{"rendered":"https:\/\/nhomthepgiare.sharecode.io.vn\/?post_type=product&#038;p=39"},"modified":"2023-08-21T03:07:42","modified_gmt":"2023-08-21T03:07:42","slug":"cap-thep-ma-kem-d20-6x37-fc","status":"publish","type":"product","link":"https:\/\/nhomthepgiare.sharecode.io.vn\/index.php\/product\/cap-thep-ma-kem-d20-6x37-fc\/","title":{"rendered":"C\u00e1p Th\u00e9p M\u1ea1 K\u1ebdm D20 (6\u00d737 FC)"},"content":{"rendered":"<h2>C\u00e1p th\u00e9p D8 (6\u00d737 FC) l\u00e0 lo\u1ea1i\u00a0C\u00e1p th\u00e9p phi 8\u00a0l\u00f5i \u0111ay g\u1ed3m 6 tao c\u00e1p, m\u1ed7i tao c\u00e1p \u0111\u01b0\u1ee3c xo\u1eafn b\u1edfi 37 s\u1ee3i nh\u1ecf. D\u00e2y c\u00e1p thu\u1ed9c lo\u1ea1i c\u00e1p \u0111en \u0111\u01b0\u1ee3c th\u1ea5m m\u1ed9t l\u1edbp d\u1ea7u ph\u1ee7 b\u00ean ngo\u00e0i \u0111\u1ec3 ch\u1ed1ng oxy h\u00f3a.<\/h2>\n<h3><strong>C\u00e1p ch\u1ecbu l\u1ef1c\u00a0phi 8 l\u00f5i \u0111ay, c\u1ea5u tr\u00fac 6\u00d737 c\u00f3 nh\u1eefng \u0111\u1eb7c \u0111i\u1ec3m g\u00ec?<\/strong><\/h3>\n<ul>\n<li style=\"list-style-type: none;\">\n<ul>\n<li>Nguy\u00ean li\u1ec7u ch\u00ednh: th\u00e9p cacbon cao c\u1ea5p.<\/li>\n<\/ul>\n<\/li>\n<\/ul>\n<ul>\n<li>S\u1ea3n ph\u1ea9m c\u00f3 c\u1ea5u t\u1ea1o t\u1eeb 6 tao c\u00e1p, m\u1ed7i tao c\u00e1p \u0111\u01b0\u1ee3c b\u1ec7n t\u1eeb 37 s\u1ee3i th\u00e9p c\u00f3 \u0111\u01b0\u1eddng k\u00ednh \u0111\u1ed3ng nh\u1ea5t v\u1edbi nhau t\u1ea1o th\u00e0nh.<\/li>\n<li>L\u00f5i b\u00ean trong\u00a0l\u00e0m b\u1eb1ng s\u1ee3i \u0111ay, s\u1ee3i t\u1ed5ng h\u1ee3p t\u1ea9m d\u1ea7u. Ch\u00ednh \u0111i\u1ec1u \u0111\u1eb7c bi\u1ec7t n\u00e0y khi\u1ebfn cho s\u1ee3i c\u00e1p c\u00f3 \u0111\u1ed9 m\u1ec1m h\u01a1n, linh ho\u1ea1t h\u01a1n nh\u01b0ng \u0111\u1ed9 ch\u1ecbu l\u1ef1c v\u1eabn kh\u00f4ng h\u1ec1 gi\u1ea3m \u0111i ch\u00fat n\u00e0o.<\/li>\n<li>B\u1ec1 m\u1eb7t kh\u00f4ng \u0111\u01b0\u1ee3c m\u1ea1 k\u1ebdm. Tuy nhi\u00ean, thay v\u00e0o \u0111\u00f3 ch\u00fang \u0111\u01b0\u1ee3c b\u00f4i l\u1edbp d\u1ea7u m\u1ee1 che ph\u1ee7 b\u00ean ngo\u00e0i.<\/li>\n<li>\u0110\u01b0\u1eddng k\u00ednh: 8mm<\/li>\n<li>Xu\u1ea5t x\u1ee9: Trung Qu\u1ed1c \u2013 C\u00f3 ch\u1ee9ng nh\u1eadn CO, CQ \u0111i k\u00e8m.<\/li>\n<\/ul>\n<blockquote><p><em><strong>Xem th\u00eam:\u00a0C\u00e1c s\u1ea3n ph\u1ea9m C\u00e1p th\u00e9p l\u00f5i \u0111ay t\u1ea1i C\u00e1p Th\u00e9p \u0110\u1ea1i Phong<\/strong><\/em><\/p><\/blockquote>\n<p><img loading=\"lazy\" decoding=\"async\" class=\"aligncenter wp-image-2837 size-medium lazyautosizes lazyloaded\" title=\"C\u00e1p th\u00e9p D8 L\u00f5i \u0110ay, C\u1ea5u Tr\u00fac 6x37 Gi\u00e1 R\u1ebb - G\u1ecdi Ngay: 0915.23.96698\" src=\"https:\/\/nhomthepgiare.sharecode.io.vn\/wp-content\/uploads\/2023\/08\/cap-thep-d8-6x37-fc-15.jpg\" sizes=\"auto, 680px\" srcset=\"https:\/\/nhomthepgiare.sharecode.io.vn\/wp-content\/uploads\/2023\/08\/cap-thep-d8-6x37-fc-15.jpg 680w, https:\/\/nhomthepgiare.sharecode.io.vn\/wp-content\/uploads\/2023\/08\/cap-thep-d8-6x37-fc.jpg 800w\" alt=\"C\u00e1p th\u00e9p D8 L\u00f5i \u0110ay, C\u1ea5u Tr\u00fac 6x37 Gi\u00e1 R\u1ebb - G\u1ecdi Ngay: 0915.23.96698\" width=\"680\" height=\"453\" data-src=\"https:\/\/nhomthepgiare.sharecode.io.vn\/wp-content\/uploads\/2023\/08\/cap-thep-d8-6x37-fc-15.jpg\" data-srcset=\"https:\/\/nhomthepgiare.sharecode.io.vn\/wp-content\/uploads\/2023\/08\/cap-thep-d8-6x37-fc-15.jpg 680w, https:\/\/nhomthepgiare.sharecode.io.vn\/wp-content\/uploads\/2023\/08\/cap-thep-d8-6x37-fc.jpg 800w\" data-sizes=\"auto\" \/><\/p>\n<h3><strong>\u1ee8ng d\u1ee5ng v\u00e0 \u01b0u \u0111i\u1ec3m c\u1ee7a\u00a0<\/strong>C\u00e1p th\u00e9p 6\u00d737\u00a0FC, Phi 8mm<\/h3>\n<ul>\n<li>\u0110\u1ed9 b\u1ec1n cao, l\u1ef1c ch\u1ecbu t\u1ea3i l\u1edbn.<\/li>\n<li>C\u00f3 t\u00ednh linh ho\u1ea1t trong s\u1eed d\u1ee5ng.<\/li>\n<li>S\u1ee3i c\u00e1p \u00edt b\u1ecb oxy h\u00f3a trong \u0111i\u1ec1u ki\u1ec7n th\u1eddi ti\u1ebft v\u00e0 m\u00f4i tr\u01b0\u1eddng kh\u00e1c nghi\u1ec7t.<\/li>\n<li><strong>\u1ee8ng d\u1ee5ng c\u00e1p th\u00e9p 6\u00d737 FC trong c\u00e1c l\u0129nh v\u1ef1c c\u1ee7a \u0111\u1eddi s\u1ed1ng:\u00a0<\/strong>Trong h\u1ec7 th\u1ed1ng n\u00e2ng h\u1ea1: l\u00e0m d\u00e2y ch\u1ecbu t\u1ea3i ch\u00ednh cho c\u1ea7n c\u1ea9u, c\u1ea9u tr\u1ee5c\u2026 gi\u00fap b\u1ed1c x\u1ebfp, v\u1eadn chuy\u1ec3n, di d\u1eddi h\u00e0ng h\u00f3a.Tr\u01b0\u1eddng h\u1ee3p \u0111\u1ed1i v\u1edbi ki\u1ec7n h\u00e0ng n\u1eb7ng, c\u1ed3ng k\u1ec1nh, d\u1ec5 v\u1ee1\u2026<\/li>\n<li>Ngo\u00e0i ra, c\u00e1p th\u00e9p D8 l\u00f5i \u0111ay c\u1ea5u tr\u00fac 6X37 FC c\u00f2n \u0111\u01b0\u1ee3c gia c\u00f4ng th\u00e0nh sling c\u00e1p d\u00f9ng trong c\u1ea9u h\u00e0ng, \u0111\u1ea3m b\u1ea3o s\u1ef1 thu\u1eadn ti\u1ec7n v\u00e0 an to\u00e0n tuy\u1ec7t \u0111\u1ed1i. S\u1ea3n ph\u1ea9m r\u1ea5t \u0111\u01b0\u1ee3c \u01b0a chu\u1ed9ng trong ng\u00e0nh khoan d\u1ea7u, neo gi\u00e0n khoan, k\u00e9o t\u00e0u, l\u00e0m d\u00e2y v\u0103ng cho c\u1ea7u treo hay th\u1eadm ch\u00ed l\u00e0 c\u0103ng gi\u1eb1ng, k\u00e9o tr\u1ee5 \u0111i\u1ec7n, tr\u1ee5 \u0103ng ten c\u00f3 k\u00edch th\u01b0\u1edbc l\u1edbn.<\/li>\n<\/ul>\n","protected":false},"excerpt":{"rendered":"<p>C\u00e1p th\u00e9p D8 (6\u00d737 FC) l\u00e0 lo\u1ea1i\u00a0C\u00e1p th\u00e9p phi 8\u00a0l\u00f5i \u0111ay g\u1ed3m 6 tao c\u00e1p, m\u1ed7i tao c\u00e1p \u0111\u01b0\u1ee3c xo\u1eafn b\u1edfi 37 s\u1ee3i nh\u1ecf. D\u00e2y c\u00e1p thu\u1ed9c lo\u1ea1i c\u00e1p \u0111en \u0111\u01b0\u1ee3c th\u1ea5m m\u1ed9t l\u1edbp d\u1ea7u ph\u1ee7 b\u00ean ngo\u00e0i \u0111\u1ec3 ch\u1ed1ng oxy h\u00f3a. C\u00e1p ch\u1ecbu l\u1ef1c\u00a0phi 8 l\u00f5i \u0111ay, c\u1ea5u tr\u00fac 6\u00d737 c\u00f3 nh\u1eefng \u0111\u1eb7c \u0111i\u1ec3m<\/p>\n","protected":false},"featured_media":40,"comment_status":"open","ping_status":"closed","template":"","meta":{"_acf_changed":false},"product_brand":[],"product_cat":[20,18,17,16,19,23,22,21],"product_tag":[],"class_list":{"0":"post-39","1":"product","2":"type-product","3":"status-publish","4":"has-post-thumbnail","6":"product_cat-cap-cung-vien-thong","7":"product_cat-cap-inox","8":"product_cat-cap-thang-may","9":"product_cat-cap-thep","10":"product_cat-cap-thep-boc-nhua","11":"product_cat-cap-thep-chiu-luc","12":"product_cat-cap-thep-chong-xoan","13":"product_cat-cap-thep-ma-kem","15":"first","16":"instock","17":"shipping-taxable","18":"product-type-simple"},"acf":[],"_links":{"self":[{"href":"https:\/\/nhomthepgiare.sharecode.io.vn\/index.php\/wp-json\/wp\/v2\/product\/39","targetHints":{"allow":["GET"]}}],"collection":[{"href":"https:\/\/nhomthepgiare.sharecode.io.vn\/index.php\/wp-json\/wp\/v2\/product"}],"about":[{"href":"https:\/\/nhomthepgiare.sharecode.io.vn\/index.php\/wp-json\/wp\/v2\/types\/product"}],"replies":[{"embeddable":true,"href":"https:\/\/nhomthepgiare.sharecode.io.vn\/index.php\/wp-json\/wp\/v2\/comments?post=39"}],"wp:featuredmedia":[{"embeddable":true,"href":"https:\/\/nhomthepgiare.sharecode.io.vn\/index.php\/wp-json\/wp\/v2\/media\/40"}],"wp:attachment":[{"href":"https:\/\/nhomthepgiare.sharecode.io.vn\/index.php\/wp-json\/wp\/v2\/media?parent=39"}],"wp:term":[{"taxonomy":"product_brand","embeddable":true,"href":"https:\/\/nhomthepgiare.sharecode.io.vn\/index.php\/wp-json\/wp\/v2\/product_brand?post=39"},{"taxonomy":"product_cat","embeddable":true,"href":"https:\/\/nhomthepgiare.sharecode.io.vn\/index.php\/wp-json\/wp\/v2\/product_cat?post=39"},{"taxonomy":"product_tag","embeddable":true,"href":"https:\/\/nhomthepgiare.sharecode.io.vn\/index.php\/wp-json\/wp\/v2\/product_tag?post=39"}],"curies":[{"name":"wp","href":"https:\/\/api.w.org\/{rel}","templated":true}]}}