{"id":127,"date":"2023-08-21T03:22:58","date_gmt":"2023-08-21T03:22:58","guid":{"rendered":"https:\/\/nhomthepgiare.sharecode.io.vn\/?post_type=product&#038;p=127"},"modified":"2023-08-21T03:23:21","modified_gmt":"2023-08-21T03:23:21","slug":"ma-ni-omega-chot-van-ren-25-tan","status":"publish","type":"product","link":"https:\/\/nhomthepgiare.sharecode.io.vn\/index.php\/product\/ma-ni-omega-chot-van-ren-25-tan\/","title":{"rendered":"Ma N\u00ed Omega Ch\u1ed1t V\u1eb7n Ren 25 T\u1ea5n"},"content":{"rendered":"<p><strong>Ma n\u00ed omega ch\u1ed1t v\u1eb7n ren 3,25\u00a0t\u1ea5n<\/strong>\u00a0\u0111\u01b0\u1ee3c s\u1ea3n xu\u1ea5t tr\u00ean d\u00e2y chuy\u1ec1n c\u00f4ng ngh\u1ec7 ti\u00ean ti\u1ebfn v\u00e0 hi\u1ec7n \u0111\u1ea1i nh\u1ea5t Nh\u1eadt B\u1ea3n, mang t\u1ea7m \u0111\u1eb3ng c\u1ea5p qu\u1ed1c t\u1ebf.\u00a0Ma n\u00ed omega ch\u1ed1t v\u1eb7n ren\u00a0Kawasaki c\u00f3 thi\u1ebft k\u1ebf nh\u1ecf g\u1ecdn, tr\u1ecdng l\u01b0\u1ee3ng nh\u1eb9 gi\u00fap l\u1eafp \u0111\u1eb7t v\u00e0 di chuy\u1ec3n m\u1ed9t c\u00e1ch d\u1ec5 d\u00e0ng.<\/p>\n<h2>\u1ee8ng d\u1ee5ng s\u1eed d\u1ee5ng ma n\u00ed omega ch\u1ed1t v\u1eb7n ren 3,25 t\u1ea5n<\/h2>\n<p><em><strong>Ma n\u00ed omega<\/strong><\/em>\u00a0l\u00e0 s\u1ea3n ph\u1ea9m d\u00f9ng \u0111\u1ec3 n\u1ed1i gh\u00e9p gi\u1eefa d\u00e2y c\u00e1p ho\u1eb7c x\u00edch v\u1edbi c\u00f4ng ten n\u01a1 hay c\u00e1c cu\u1ed9n h\u00e0ng, \u0111\u1eb7c bi\u1ec7t v\u1edbi c\u00e1c lo\u1ea1i ma n\u00ed ch\u1ea5t l\u01b0\u1ee3ng cao c\u00f3 th\u1ec3 \u0111\u01b0\u1ee3c d\u00f9ng \u0111\u1ebb n\u1ed1i gi\u1eefa hai m\u1eaft x\u00edch.<\/p>\n<p>C\u00e1c c\u00f4ng tr\u00ecnh, c\u00f4ng x\u01b0\u1edfng, kho h\u00e0ng \u0111\u1ec1u c\u1ea7n d\u00f9ng \u0111\u1ebfn ma n\u00ed v\u00ec n\u00f3 mang t\u00ednh ch\u1ea5t c\u01a1 \u0111\u1ed9ng cao c\u00f3 th\u1ec3 n\u1ed1i d\u00e0i c\u00e1c \u0111o\u1ea1n c\u00e1p hay x\u00edch, v\u00e0 c\u00f3 th\u1ec3 g\u1eafn k\u1ebft m\u1ed9t c\u00e1ch ch\u1eafc ch\u1eafn v\u1edbi c\u00e1c m\u00f3c, t\u0103ng \u0111\u01a1 hay ch\u1ed1t c\u1ed9t.<\/p>\n<p><img loading=\"lazy\" decoding=\"async\" class=\"size-medium wp-image-1841 aligncenter lazyautosizes lazyloaded\" src=\"https:\/\/nhomthepgiare.sharecode.io.vn\/wp-content\/uploads\/2023\/08\/ma-ni-omega-chot-van-ren-325-tan-123.jpg\" sizes=\"auto, 680px\" srcset=\"https:\/\/nhomthepgiare.sharecode.io.vn\/wp-content\/uploads\/2023\/08\/ma-ni-omega-chot-van-ren-325-tan-123.jpg 680w, https:\/\/capthepdaiphong.com\/wp-content\/uploads\/2020\/09\/ma-ni-omega-3.jpg 800w\" alt=\"\" width=\"680\" height=\"453\" data-src=\"https:\/\/nhomthepgiare.sharecode.io.vn\/wp-content\/uploads\/2023\/08\/ma-ni-omega-chot-van-ren-325-tan-123.jpg\" data-srcset=\"https:\/\/nhomthepgiare.sharecode.io.vn\/wp-content\/uploads\/2023\/08\/ma-ni-omega-chot-van-ren-325-tan-123.jpg 680w, https:\/\/capthepdaiphong.com\/wp-content\/uploads\/2020\/09\/ma-ni-omega-3.jpg 800w\" data-sizes=\"auto\" \/><\/p>\n<h2>\u0110\u1eb7c \u0111i\u1ec3m k\u1ef9 thu\u1eadt ma n\u00ed omega ch\u1ed1t v\u1eb7n ren 3,25 t\u1ea5n<\/h2>\n<ul>\n<li><em>Th\u00e2n ma n\u00ed \u0111\u01b0\u1ee3c l\u00e0m b\u1eb1ng th\u00e9p carbon \u0111\u00e3 t\u00f4i luy\u1ec7n, ch\u1ed1t \u0111\u01b0\u1ee3c l\u00e0m b\u1eb1ng th\u00e9p h\u1ee3p kim.<\/em><\/li>\n<li><em>T\u1ea3i tr\u1ecdng ki\u1ec3m ch\u1ee9ng = SWL(WLL)x2, t\u1ea3i tr\u1ecdng ph\u00e1 v\u1ee1 = SWL(WLL)x6.<\/em><\/li>\n<li><em>B\u1ec1 m\u1eb7t ma n\u00ed: Th\u00e2n \u0111\u01b0\u1ee3c nh\u00fang m\u1ea1 k\u1ebdm, ch\u1ed1t \u0111\u01b0\u1ee3c s\u01a1n m\u00e0u.<\/em><\/li>\n<\/ul>\n<h3><strong>L\u01b0u \u00fd:<\/strong><\/h3>\n<p>\u0110\u1ec3 ng\u0103n ch\u1eb7n x\u1ea9y ra th\u01b0\u01a1ng t\u1eadt nghi\u00eam tr\u1ecdng:<\/p>\n<ul>\n<li><em>KH\u00d4NG V\u01af\u1ee2T QU\u00c1 gi\u1edbi h\u1ea1n t\u1ea3i l\u00e0m vi\u1ec7c (WLL).<\/em><\/li>\n<li><em>KH\u00d4NG s\u1ed1c ho\u1eb7c \u1ea3nh h\u01b0\u1edfng t\u1ea3i.<\/em><\/li>\n<li><em>KH\u00d4NG S\u1eec D\u1ee4NG n\u1ebfu th\u1ea5y b\u1ecb m\u00e9o hay m\u00f2n<\/em><\/li>\n<\/ul>\n","protected":false},"excerpt":{"rendered":"<p>Ma n\u00ed omega ch\u1ed1t v\u1eb7n ren 3,25\u00a0t\u1ea5n\u00a0\u0111\u01b0\u1ee3c s\u1ea3n xu\u1ea5t tr\u00ean d\u00e2y chuy\u1ec1n c\u00f4ng ngh\u1ec7 ti\u00ean ti\u1ebfn v\u00e0 hi\u1ec7n \u0111\u1ea1i nh\u1ea5t Nh\u1eadt B\u1ea3n, mang t\u1ea7m \u0111\u1eb3ng c\u1ea5p qu\u1ed1c t\u1ebf.\u00a0Ma n\u00ed omega ch\u1ed1t v\u1eb7n ren\u00a0Kawasaki c\u00f3 thi\u1ebft k\u1ebf nh\u1ecf g\u1ecdn, tr\u1ecdng l\u01b0\u1ee3ng nh\u1eb9 gi\u00fap l\u1eafp \u0111\u1eb7t v\u00e0 di chuy\u1ec3n m\u1ed9t c\u00e1ch d\u1ec5 d\u00e0ng. \u1ee8ng d\u1ee5ng s\u1eed d\u1ee5ng<\/p>\n","protected":false},"featured_media":128,"comment_status":"open","ping_status":"closed","template":"","meta":{"_acf_changed":false},"product_brand":[],"product_cat":[26,31,29,32,27,28,24,25,30],"product_tag":[],"class_list":{"0":"post-127","1":"product","2":"type-product","3":"status-publish","4":"has-post-thumbnail","6":"product_cat-dai-bo-cap","7":"product_cat-khoa-cap","8":"product_cat-lot-cap","9":"product_cat-ma-ni","10":"product_cat-moc-cau","11":"product_cat-moc-treo-palang","12":"product_cat-phu-kien-cap-thep","13":"product_cat-rong-roc-puly","14":"product_cat-tang-do-cap-thep","16":"first","17":"instock","18":"shipping-taxable","19":"product-type-simple"},"acf":[],"_links":{"self":[{"href":"https:\/\/nhomthepgiare.sharecode.io.vn\/index.php\/wp-json\/wp\/v2\/product\/127","targetHints":{"allow":["GET"]}}],"collection":[{"href":"https:\/\/nhomthepgiare.sharecode.io.vn\/index.php\/wp-json\/wp\/v2\/product"}],"about":[{"href":"https:\/\/nhomthepgiare.sharecode.io.vn\/index.php\/wp-json\/wp\/v2\/types\/product"}],"replies":[{"embeddable":true,"href":"https:\/\/nhomthepgiare.sharecode.io.vn\/index.php\/wp-json\/wp\/v2\/comments?post=127"}],"wp:featuredmedia":[{"embeddable":true,"href":"https:\/\/nhomthepgiare.sharecode.io.vn\/index.php\/wp-json\/wp\/v2\/media\/128"}],"wp:attachment":[{"href":"https:\/\/nhomthepgiare.sharecode.io.vn\/index.php\/wp-json\/wp\/v2\/media?parent=127"}],"wp:term":[{"taxonomy":"product_brand","embeddable":true,"href":"https:\/\/nhomthepgiare.sharecode.io.vn\/index.php\/wp-json\/wp\/v2\/product_brand?post=127"},{"taxonomy":"product_cat","embeddable":true,"href":"https:\/\/nhomthepgiare.sharecode.io.vn\/index.php\/wp-json\/wp\/v2\/product_cat?post=127"},{"taxonomy":"product_tag","embeddable":true,"href":"https:\/\/nhomthepgiare.sharecode.io.vn\/index.php\/wp-json\/wp\/v2\/product_tag?post=127"}],"curies":[{"name":"wp","href":"https:\/\/api.w.org\/{rel}","templated":true}]}}