{"id":538,"date":"2023-08-21T23:02:25","date_gmt":"2023-08-21T23:02:25","guid":{"rendered":"https:\/\/nhomthepgiare.sharecode.io.vn\/?page_id=538"},"modified":"2023-08-21T23:02:41","modified_gmt":"2023-08-21T23:02:41","slug":"gioi-thieu","status":"publish","type":"page","link":"https:\/\/nhomthepgiare.sharecode.io.vn\/index.php\/gioi-thieu\/","title":{"rendered":"Gi\u1edbi thi\u1ec7u"},"content":{"rendered":"<p style=\"font-weight: 400;\">Kh\u00f4ng ch\u1ec9 mang \u0111\u1ebfn s\u1ea3n ph\u1ea9m ch\u1ea5t l\u01b0\u1ee3ng h\u00e0ng \u0111\u1ea7u, ch\u00fang t\u00f4i c\u00f2n mang \u0111\u1ebfn Ch\u00ednh s\u00e1ch b\u1ea3o m\u1eadt \u0111\u1ec3 th\u1ec3 hi\u1ec7n vai tr\u00f2 c\u1ee7a ch\u00fang t\u00f4i trong v\u1ea5n \u0111\u1ec1 b\u1ea3o m\u1eadt tr\u1ef1c tuy\u1ebfn v\u00e0 d\u1ecbch v\u1ee5 kh\u00e1ch h\u00e0ng.<\/p>\n<p style=\"font-weight: 400;\">\u0110\u1ec3 truy c\u1eadp v\u00e0 s\u1eed d\u1ee5ng m\u1ed9t s\u1ed1 d\u1ecbch v\u1ee5 t\u1ea1i website c\u1ee7a ch\u00fang t\u00f4i, qu\u00fd kh\u00e1ch c\u00f3 th\u1ec3 s\u1ebd \u0111\u01b0\u1ee3c y\u00eau c\u1ea7u \u0111\u0103ng k\u00fd v\u1edbi ch\u00fang t\u00f4i th\u00f4ng tin c\u00e1 nh\u00e2n (H\u1ecd t\u00ean, S\u1ed1 \u0111i\u1ec7n tho\u1ea1i li\u00ean l\u1ea1c, Email\u2026). C\u00e1c th\u00f4ng tin thu th\u1eadp s\u1ebd gi\u00fap ch\u00fang t\u00f4i:<\/p>\n<ul style=\"font-weight: 400;\">\n<li>H\u1ed7 tr\u1ee3 kh\u00e1ch h\u00e0ng khi mua s\u1ea3n ph\u1ea9m.<\/li>\n<li>Gi\u1ea3i \u0111\u00e1p th\u1eafc m\u1eafc kh\u00e1ch h\u00e0ng.<\/li>\n<li>Cung c\u1ea5p cho qu\u00fd kh\u00e1ch th\u00f4ng tin m\u1edbi nh\u1ea5t c\u1ee7a ch\u00fang t\u00f4i.<\/li>\n<li>Xem x\u00e9t v\u00e0 n\u00e2ng c\u1ea5p n\u1ed9i dung v\u00e0 giao di\u1ec7n c\u1ee7a website v\u00e0 \u1ee9ng d\u1ee5ng.<\/li>\n<li>Th\u1ef1c hi\u1ec7n c\u00e1c ho\u1ea1t \u0111\u1ed9ng qu\u1ea3ng b\u00e1 li\u00ean quan \u0111\u1ebfn c\u00e1c s\u1ea3n ph\u1ea9m v\u00e0 d\u1ecbch v\u1ee5 c\u1ee7a C\u00e1p th\u00e9p \u0110\u1ea1i Phong<\/li>\n<\/ul>\n<p style=\"font-weight: 400;\">B\u1eb1ng nh\u1eefng n\u1ed7 l\u1ef1c kh\u00f4ng ng\u1eebng ngh\u1ec9 c\u1ee7a \u0111\u1ed9i ng\u0169 nh\u1eadn l\u1ef1c t\u1ea1i C\u00f4ng ty TNHH C\u00e1p \u0110\u1ea1i Phong, Ch\u00fang t\u00f4i \u0111\u00e3 kh\u1eb3ng \u0111\u1ecbnh \u0111\u01b0\u1ee3c v\u1ecb th\u1ebf c\u1ee7a m\u00ecnh tr\u00ean th\u1ecb tr\u01b0\u1eddng. V\u00e0 \u0111\u1eb7c bi\u1ec7t l\u00e0 t\u1ea1o d\u1ef1ng s\u1ef1 t\u00edn nhi\u1ec7m t\u1eeb \u0111\u00f4ng \u0111\u1ea3o kh\u00e1ch h\u00e0ng.<\/p>\n<p style=\"font-weight: 400;\">Ch\u00fang t\u00f4i t\u1ef1 h\u00e0o l\u00e0 nh\u00e0 ph\u00e2n ph\u1ed1i h\u00e0ng \u0111\u1ea7u t\u1ea1i th\u1ecb tr\u01b0\u1eddng Vi\u1ec7t Nam hi\u1ec7n nay v\u1ec1 c\u00e1c s\u1ea3n ph\u1ea9m c\u00e1p th\u00e9p x\u00e2y d\u1ef1ng nh\u01b0:<\/p>\n<ul style=\"font-weight: 400;\">\n<li>D\u00e2y c\u00e1p th\u00e9p, c\u00e1p inox, c\u00e1p vi\u1ec5n th\u00f4ng, c\u00e1p c\u1ea9u, c\u00e1p b\u1ecdc nh\u1ef1a\u2026<\/li>\n<li>Kh\u00f3a c\u00e1p inox\u2026<\/li>\n<li>T\u0103ng \u0111\u01a1 c\u00e1p, \u1ed1c si\u1ebft c\u00e1p\u2026<\/li>\n<li>M\u00e3 n\u00ed, r\u00f2ng r\u1ecdc, m\u00f3c c\u1ea9u,<\/li>\n<li>D\u00e2y c\u1ea7u v\u1ea3i, d\u00e2y bu\u1ed9c t\u00e0u\u2026c\u00f9ng nhi\u1ec1u m\u1eb7t h\u00e0ng c\u1ea7n thi\u1ebft kh\u00e1c ph\u1ee5c v\u1ee5 ng\u00e0nh x\u00e2y d\u1ef1ng.<\/li>\n<\/ul>\n<p style=\"font-weight: 400;\">C\u00e1c d\u00f2ng s\u1ea3n ph\u1ea9m c\u00e1p th\u00e9p v\u00e0 c\u00e1c ph\u1ee5 ki\u1ec7n \u0111i k\u00e8m t\u1ea1i C\u00e1p Th\u00e9p \u0110\u1ea1i Phong \u0111\u1ec1u \u0111\u01b0\u1ee3c nh\u1eadp kh\u1ea9u tr\u1ef1c ti\u1ebfp t\u1eeb c\u00e1c nh\u00e0 m\u00e1y c\u00e1p th\u00e9p h\u00e0ng \u0111\u1ea7u th\u1ebf gi\u1edbi nh\u01b0: H\u00e0n Qu\u1ed1c, M\u1ef9, Trung Qu\u1ed1c\u2026 th\u00f4ng qua ki\u1ec3m \u0111\u1ecbnh ch\u1eb7t ch\u1ebd v\u1ec1 ch\u1ea5t l\u01b0\u1ee3ng, \u0111\u1ea3m b\u1ea3o an to\u00e0n tuy\u1ec7t \u0111\u1ed1i cho ng\u01b0\u1eddi s\u1eed d\u1ee5ng.<\/p>\n<p style=\"font-weight: 400;\">Nh\u1eb1m b\u1ea3o v\u1ec7 quy\u1ec1n l\u1ee3i c\u1ee7a ng\u01b0\u1eddi ti\u00eau d\u00f9ng c\u0169ng nh\u01b0 gi\u1eef g\u00ecn, n\u00e2ng cao uy t\u00edn th\u01b0\u01a1ng hi\u1ec7u C\u00e1p Th\u00e9p \u0110\u1ea1i Phong, ch\u00fang t\u00f4i cam k\u1ebft mang \u0111\u1ebfn cho Qu\u00fd kh\u00e1ch h\u00e0ng nh\u1eefng s\u1ea3n ph\u1ea9m \u0111\u01b0\u1ee3c s\u1ea3n xu\u1ea5t tr\u00ean d\u00e2y chuy\u1ec1n c\u00f4ng ngh\u1ec7 hi\u1ec7n \u0111\u1ea1i b\u1eadc nh\u1ea5t v\u1edbi ch\u1ea5t l\u01b0\u1ee3ng cao nh\u1ea5t. \u0110\u00e1p \u1ee9ng \u0111\u1ea7y \u0111\u1ee7 ti\u00eau chu\u1ea9n qu\u1ed1c t\u1ebf v\u1edbi gi\u00e1 c\u1ea3 c\u1ea1nh tranh nh\u1ea5t\u00a0tr\u00ean th\u1ecb tr\u01b0\u1eddng c\u00e1p th\u00e9p hi\u1ec7n nay..<\/p>\n<p style=\"font-weight: 400;\">Kh\u00f4ng d\u1eebng l\u1ea1i \u1edf \u0111\u00f3, ch\u00fang t\u00f4i c\u00f2n lu\u00f4n n\u1ed7 l\u1ef1c x\u00e2y d\u1ef1ng d\u1ecbch v\u1ee5 h\u1ed7 tr\u1ee3, t\u01b0 v\u1ea5n, b\u1ea3o v\u00e0 h\u1eadu m\u00e3i ho\u00e0n h\u1ea3o. \u0110\u1ea3m b\u1ea3o th\u1ecfa m\u00e3n nhu c\u1ea7u kh\u00e1ch h\u00e0ng \u1edf m\u1ee9c cao nh\u1ea5t.<\/p>\n<p style=\"font-weight: 400;\">\u0110\u1ec3 \u0111\u01b0\u1ee3c ph\u1ee5c v\u1ee5 t\u1ed1t nh\u1ea5t, c\u0169ng nh\u01b0 t\u00ecm hi\u1ec3u m\u1ecdi th\u00f4ng tin v\u1ec1 s\u1ea3n ph\u1ea9m, Qu\u00fd kh\u00e1ch h\u00e0ng vui l\u00f2ng li\u00ean h\u1ec7 v\u1ec1 \u0111\u1ecba ch\u1ec9:<\/p>\n<ul style=\"font-weight: 400;\">\n<li>\u0110\u1ecba ch\u1ec9: S\u1ed1 14 Ng\u00f5 178 \u0110\u01b0\u1eddng Phan Tr\u1ecdng Tu\u1ec7, Thanh Tr\u00ec, H\u00e0 N\u1ed9i<\/li>\n<li>Hotline: 0915.20.9669 \u2013 0915.23.9669<\/li>\n<li>Email: capdaiphong@gmail.com<\/li>\n<\/ul>\n","protected":false},"excerpt":{"rendered":"<p>Kh\u00f4ng ch\u1ec9 mang \u0111\u1ebfn s\u1ea3n ph\u1ea9m ch\u1ea5t l\u01b0\u1ee3ng h\u00e0ng \u0111\u1ea7u, ch\u00fang t\u00f4i c\u00f2n mang \u0111\u1ebfn Ch\u00ednh s\u00e1ch b\u1ea3o m\u1eadt \u0111\u1ec3 th\u1ec3 hi\u1ec7n vai tr\u00f2 c\u1ee7a ch\u00fang t\u00f4i trong v\u1ea5n \u0111\u1ec1 b\u1ea3o m\u1eadt tr\u1ef1c tuy\u1ebfn v\u00e0 d\u1ecbch v\u1ee5 kh\u00e1ch h\u00e0ng. \u0110\u1ec3 truy c\u1eadp v\u00e0 s\u1eed d\u1ee5ng m\u1ed9t s\u1ed1 d\u1ecbch v\u1ee5 t\u1ea1i website c\u1ee7a ch\u00fang t\u00f4i, qu\u00fd<\/p>\n","protected":false},"author":1,"featured_media":0,"parent":0,"menu_order":0,"comment_status":"closed","ping_status":"closed","template":"page-right-sidebar.php","meta":{"_acf_changed":false,"footnotes":""},"class_list":["post-538","page","type-page","status-publish","hentry"],"acf":[],"_links":{"self":[{"href":"https:\/\/nhomthepgiare.sharecode.io.vn\/index.php\/wp-json\/wp\/v2\/pages\/538","targetHints":{"allow":["GET"]}}],"collection":[{"href":"https:\/\/nhomthepgiare.sharecode.io.vn\/index.php\/wp-json\/wp\/v2\/pages"}],"about":[{"href":"https:\/\/nhomthepgiare.sharecode.io.vn\/index.php\/wp-json\/wp\/v2\/types\/page"}],"author":[{"embeddable":true,"href":"https:\/\/nhomthepgiare.sharecode.io.vn\/index.php\/wp-json\/wp\/v2\/users\/1"}],"replies":[{"embeddable":true,"href":"https:\/\/nhomthepgiare.sharecode.io.vn\/index.php\/wp-json\/wp\/v2\/comments?post=538"}],"version-history":[{"count":3,"href":"https:\/\/nhomthepgiare.sharecode.io.vn\/index.php\/wp-json\/wp\/v2\/pages\/538\/revisions"}],"predecessor-version":[{"id":541,"href":"https:\/\/nhomthepgiare.sharecode.io.vn\/index.php\/wp-json\/wp\/v2\/pages\/538\/revisions\/541"}],"wp:attachment":[{"href":"https:\/\/nhomthepgiare.sharecode.io.vn\/index.php\/wp-json\/wp\/v2\/media?parent=538"}],"curies":[{"name":"wp","href":"https:\/\/api.w.org\/{rel}","templated":true}]}}